{"id":19,"date":"2019-04-05T09:24:36","date_gmt":"2019-04-05T09:24:36","guid":{"rendered":"http:\/\/quanticalabs.com\/wp_themes4\/autoride\/?page_id=19"},"modified":"2026-03-11T21:47:50","modified_gmt":"2026-03-12T01:47:50","slug":"nos-services","status":"publish","type":"page","link":"https:\/\/transportexecutifprestige.com\/en\/nos-services\/","title":{"rendered":"Our Services"},"content":{"rendered":"<section class=\"wpb-content-wrapper\"><div class=\"vc_row wpb_row vc_row-fluid theme-margin-bottom-60\"><div class=\"wpb_column vc_column_container vc_col-sm-6\"><div class=\"vc_column-inner\"><div class=\"wpb_wrapper\">\n\t<div class=\"wpb_text_column wpb_content_element\" >\n\t\t<div class=\"wpb_wrapper\">\n\t\t\t<h2 style=\"color: #ffd700; font-size: 32px; line-height: 1.35; margin-top: 0; margin-bottom: 24px;\">Our Executive Transportation Services<\/h2>\n<p style=\"color: #ffffff; line-height: 1.9; margin-bottom: 0;\" class=\"translation-block\">Whether you require an airport transfer, corporate transportation, transportation for a special event, or a private tour, <strong style=\"color:#ffd700\">Transport Ex\u00e9cutif Prestige<\/strong> offers professional, reliable, and personalized service throughout the Quebec City region. Our chauffeurs are committed to your comfort, safety, and the overall quality of your experience, from pickup to your final destination.<\/p>\n\n\t\t<\/div>\n\t<\/div>\n<\/div><\/div><\/div><div class=\"wpb_column vc_column_container vc_col-sm-6\"><div class=\"vc_column-inner\"><div class=\"wpb_wrapper\">\n\t<div class=\"wpb_text_column wpb_content_element\" >\n\t\t<div class=\"wpb_wrapper\">\n\t\t\t<h2 style=\"color: #ffd700; font-size: 32px; line-height: 1.35; margin-top: 0; margin-bottom: 24px;\">Why choose Transport Ex\u00e9cutif Prestige<\/h2>\n<ul style=\"color: #ffffff; line-height: 1.9; margin: 0; padding-left: 24px;\">\n<li style=\"margin-bottom: 12px;\">Professional and personalized service<\/li>\n<li style=\"margin-bottom: 12px;\">Premium vehicles offering exceptional comfort and safety<\/li>\n<li style=\"margin-bottom: 12px;\">Chauffeurs courtois, exp\u00e9riment\u00e9s et bilingues<\/li>\n<li>Customized transportation solutions for both private and corporate clients<\/li>\n<\/ul>\n\n\t\t<\/div>\n\t<\/div>\n<\/div><\/div><\/div><\/div><div class=\"vc_row wpb_row vc_row-fluid\"><div class=\"wpb_column vc_column_container vc_col-sm-4\"><div class=\"vc_column-inner\"><div class=\"wpb_wrapper\">\r\n            <div class=\"theme-component-button theme-component-button-style-1 aligncenter\">\r\n                <a href=\"https:\/\/transportexecutifprestige.com\/en\/corporate-travel\/\" target=\"_self\">\r\n                    Corporate Services\r\n                <\/a>\r\n            <\/div>\r\n        <\/div><\/div><\/div><div class=\"wpb_column vc_column_container vc_col-sm-4\"><div class=\"vc_column-inner\"><div class=\"wpb_wrapper\">\r\n            <div class=\"theme-component-button theme-component-button-style-1 aligncenter\">\r\n                <a href=\"https:\/\/transportexecutifprestige.com\/en\/charter-service\/\" target=\"_self\">\r\n                    VIP Services\r\n                <\/a>\r\n            <\/div>\r\n        <\/div><\/div><\/div><div class=\"wpb_column vc_column_container vc_col-sm-4\"><div class=\"vc_column-inner\"><div class=\"wpb_wrapper\">\r\n            <div class=\"theme-component-button theme-component-button-style-1 aligncenter\">\r\n                <a href=\"https:\/\/transportexecutifprestige.com\/en\/forfait-touristique\/\" target=\"_self\">\r\n                    Private Tours\r\n                <\/a>\r\n            <\/div>\r\n        <\/div><\/div><\/div><\/div><div class=\"vc_row wpb_row vc_row-fluid\"><div class=\"wpb_column vc_column_container vc_col-sm-6\"><div class=\"vc_column-inner\"><div class=\"wpb_wrapper\">\r\n            <div class=\"theme-component-button theme-component-button-style-1 aligncenter\">\r\n                <a href=\"https:\/\/transportexecutifprestige.com\/en\/airport-transfer\/\" target=\"_self\">\r\n                    Airport Transfer\r\n                <\/a>\r\n            <\/div>\r\n        <\/div><\/div><\/div><div class=\"wpb_column vc_column_container vc_col-sm-6\"><div class=\"vc_column-inner\"><div class=\"wpb_wrapper\">\r\n            <div class=\"theme-component-button theme-component-button-style-1 aligncenter\">\r\n                <a href=\"https:\/\/transportexecutifprestige.com\/en\/mariage-bal\/\" target=\"_self\">\r\n                    Wedding and Prom Services\r\n                <\/a>\r\n            <\/div>\r\n        <\/div><\/div><\/div><\/div><div class=\"vc_row wpb_row vc_row-fluid\"><div class=\"wpb_column vc_column_container vc_col-sm-12\"><div class=\"vc_column-inner\"><div class=\"wpb_wrapper\">\n\t<div  class=\"wpb_single_image wpb_content_element vc_align_center\">\n\t\t\n\t\t<figure class=\"wpb_wrapper vc_figure\">\n\t\t\t<div class=\"vc_single_image-wrapper   vc_box_border_grey\"><img loading=\"lazy\" decoding=\"async\" width=\"1024\" height=\"683\" src=\"https:\/\/transportexecutifprestige.com\/wp-content\/uploads\/2026\/03\/DSC04637-1024x683.jpg\" class=\"vc_single_image-img attachment-large\" alt=\"Nos services Transport Executif prestige\" title=\"TEP 002\" srcset=\"https:\/\/transportexecutifprestige.com\/wp-content\/uploads\/2026\/03\/DSC04637-1024x683.jpg 1024w, https:\/\/transportexecutifprestige.com\/wp-content\/uploads\/2026\/03\/DSC04637-300x200.jpg 300w, https:\/\/transportexecutifprestige.com\/wp-content\/uploads\/2026\/03\/DSC04637-768x512.jpg 768w, https:\/\/transportexecutifprestige.com\/wp-content\/uploads\/2026\/03\/DSC04637-1536x1024.jpg 1536w, https:\/\/transportexecutifprestige.com\/wp-content\/uploads\/2026\/03\/DSC04637-18x12.jpg 18w, https:\/\/transportexecutifprestige.com\/wp-content\/uploads\/2026\/03\/DSC04637-460x306.jpg 460w, https:\/\/transportexecutifprestige.com\/wp-content\/uploads\/2026\/03\/DSC04637-800x533.jpg 800w, https:\/\/transportexecutifprestige.com\/wp-content\/uploads\/2026\/03\/DSC04637.jpg 2048w\" sizes=\"auto, (max-width: 1024px) 100vw, 1024px\" \/><\/div>\n\t\t<\/figure>\n\t<\/div>\n<\/div><\/div><\/div><\/div>\n<\/section>","protected":false},"excerpt":{"rendered":"Nos services de transport ex\u00e9cutif Que ce soit pour un transfert a\u00e9roportuaire, un d\u00e9placement corporatif, un \u00e9v\u00e9nement sp\u00e9cial ou une visite priv\u00e9e, Transport Ex\u00e9cutif Prestige vous propose un service professionnel, fiable et personnalis\u00e9 dans la r\u00e9gion de Qu\u00e9bec. Nos chauffeurs veillent \u00e0 votre confort, \u00e0 votre s\u00e9curit\u00e9 et \u00e0 la qualit\u00e9 de votre exp\u00e9rience, du [...]","protected":false},"author":1,"featured_media":0,"parent":0,"menu_order":0,"comment_status":"closed","ping_status":"closed","template":"","meta":{"footnotes":""},"class_list":["post-19","page","type-page","status-publish","hentry"],"_links":{"self":[{"href":"https:\/\/transportexecutifprestige.com\/en\/wp-json\/wp\/v2\/pages\/19","targetHints":{"allow":["GET"]}}],"collection":[{"href":"https:\/\/transportexecutifprestige.com\/en\/wp-json\/wp\/v2\/pages"}],"about":[{"href":"https:\/\/transportexecutifprestige.com\/en\/wp-json\/wp\/v2\/types\/page"}],"author":[{"embeddable":true,"href":"https:\/\/transportexecutifprestige.com\/en\/wp-json\/wp\/v2\/users\/1"}],"replies":[{"embeddable":true,"href":"https:\/\/transportexecutifprestige.com\/en\/wp-json\/wp\/v2\/comments?post=19"}],"version-history":[{"count":24,"href":"https:\/\/transportexecutifprestige.com\/en\/wp-json\/wp\/v2\/pages\/19\/revisions"}],"predecessor-version":[{"id":12703,"href":"https:\/\/transportexecutifprestige.com\/en\/wp-json\/wp\/v2\/pages\/19\/revisions\/12703"}],"wp:attachment":[{"href":"https:\/\/transportexecutifprestige.com\/en\/wp-json\/wp\/v2\/media?parent=19"}],"curies":[{"name":"wp","href":"https:\/\/api.w.org\/{rel}","templated":true}]}}